{"id":25588,"date":"2023-04-21T00:58:59","date_gmt":"2023-04-20T22:58:59","guid":{"rendered":"https:\/\/losha.org\/product\/niederlandischsprachige-zeitschriften-digitalisiert\/"},"modified":"2023-08-16T20:27:29","modified_gmt":"2023-08-16T18:27:29","slug":"niederlandischsprachige-zeitschriften-digitalisiert","status":"publish","type":"product","link":"https:\/\/losha.org\/de\/product\/niederlandischsprachige-zeitschriften-digitalisiert\/","title":{"rendered":"Niederl\u00e4ndischsprachige Zeitschriften digitalisiert"},"content":{"rendered":"<p><strong>Das Produkt <\/strong><br \/>\nSie erhalten &#8230;<br \/>\nein 64 GB duo-Flash-Laufwerk (USB-Stick) (duo-Flash-Laufwerk passt auf Smartphone, Tablet und Computer)<br \/>\nmit einem Paket von 225 Zeitschriften in niederl\u00e4ndischer Sprache;<br \/>\nverschiedene Endlieferungen der \u00fcbrigen 65 Zeitschriften, die im Fr\u00fchjahr 2023 per Datentransfer geliefert werden<\/p>\n<p>Wichtig!<br \/>\n<em><strong>Klicken Sie im Men\u00fc auf \u2018<\/strong><\/em><span style=\"color: #0000ff;\"><strong><a style=\"color: #0000ff;\" href=\"https:\/\/losha.org\/oude-fotos-en-tijdschriften-overzicht\/taalkeuze-oude-tijdschriften\/\">Zeitschriften<\/a><\/strong><\/span><em><strong>\u2019 auf dieser Website und Sie erhalten eine Liste aller Ausgaben der Zeitschriften.<\/strong><\/em><\/p>\n<p>Mitte 2023 k\u00f6nnen Sie sich f\u00fcr das n\u00e4chste Zeitschriftenpaket zum Herunterladen anmelden (mit etwa 100 niederl\u00e4ndischsprachigen Ausgaben). Die n\u00e4chste Sitzungsperiode beginnt am 1. September 2023. Sie werden dann \u00fcber die Modalit\u00e4ten und den Preis f\u00fcr diese Verl\u00e4ngerung informiert.<\/p>\n<p>Der Datentr\u00e4ger.<br \/>\nEin hochwertiges Flash-Laufwerk 64GB der Marke SanDisk; mit zwei Ausg\u00e4ngen Typ USB Typ A (f\u00fcr Computer und Laptops) und USB Typ C (f\u00fcr Smartphones, Tablets und einige Laptops);<\/p>\n<p><strong>Bitte lesen Sie die Seite \u2018<a href=\"https:\/\/losha.org\/informatie\/\"><span style=\"color: #0000ff;\">Informationen<\/span><\/a>\u2019 f\u00fcr detaillierte Informationen!<\/strong><\/p>\n","protected":false},"excerpt":{"rendered":"<p><strong>Das Basispaket<br \/>\n<\/strong>F\u00fcr diesen Preis erhalten Sie &#8230;<br \/>\n290 niederl\u00e4ndischsprachige alte Zeitschriften in -pdf; davon gibt es &#8230;<br \/>\n225 sofort durch den Versand eines USB-Sticks geliefert;<br \/>\nund die restlichen 65 im Fr\u00fchjahr 2023 per Daten\u00fcbertragung.<br \/>\n<span style=\"color: #ff6600;\">Um herauszufinden, welche Zeitschriften sich auf dem USB-Stick befinden, klicken Sie auf <span style=\"color: #3366ff;\"><a style=\"color: #3366ff;\" href=\"https:\/\/losha.org\/oude-fotos-en-tijdschriften-overzicht\/taalkeuze-oude-tijdschriften\/tijdschriften-nederlands\/\"><strong>\u00dcbersicht niederl\u00e4ndischsprachige Zeitschriften<\/strong><\/a><\/span><\/span><\/p>\n<p><span style=\"color: #ff6600;\">Wichtig: <strong>Warum nicht alle 650 Zeitschriften auf einmal erhalten?<\/strong><\/span><br \/>\n<span style=\"color: #ff6600;\">Da wir st\u00e4ndig &#8222;neue&#8220; Ausgaben von Zeitschriften digitalisieren, erweitert sich unser Angebot jede Woche; wenn wir deshalb jede Woche unser Angebot\/Preis anpassen w\u00fcrden, w\u00fcrde es schnell un\u00fcbersichtlich werden. Um dies zu vermeiden, haben wir uns entschlossen, Ihnen ein Paket von 650 Zeitschriftenausgaben anzubieten, von denen einige bereits digitalisiert und somit sofort verf\u00fcgbar sind, w\u00e4hrend andere noch digitalisiert und somit nachgeliefert werden m\u00fcssen.<\/span><\/p>\n<p>Lieferfrist: 1 Woche<\/p>\n<p><strong>Es fallen keine Versandkosten an; das Flash-Laufwerk wird Ihnen in einem normalen gepolsterten Briefumschlag zugeschickt!<\/strong><\/p>\n<h3><a href=\"https:\/\/losha.org\/tijdschriften-bestelpagina\/\"><strong>ZUR\u00dcCK ZUR BESTELLSEITE<\/strong><\/a><\/h3>\n<p>&nbsp;<\/p>\n","protected":false},"featured_media":10702,"template":"","meta":{"site-sidebar-layout":"default","site-content-layout":"default","ast-site-content-layout":"default","site-content-style":"default","site-sidebar-style":"default","ast-global-header-display":"","ast-banner-title-visibility":"","ast-main-header-display":"","ast-hfb-above-header-display":"","ast-hfb-below-header-display":"","ast-hfb-mobile-header-display":"","site-post-title":"disabled","ast-breadcrumbs-content":"","ast-featured-img":"","footer-sml-layout":"","ast-disable-related-posts":"","theme-transparent-header-meta":"default","adv-header-id-meta":"","stick-header-meta":"","header-above-stick-meta":"","header-main-stick-meta":"","header-below-stick-meta":"","astra-migrate-meta-layouts":"default","ast-page-background-enabled":"default","ast-page-background-meta":{"desktop":{"background-color":"","background-image":"","background-repeat":"repeat","background-position":"center center","background-size":"auto","background-attachment":"scroll","background-type":"","background-media":"","overlay-type":"","overlay-color":"","overlay-opacity":"","overlay-gradient":""},"tablet":{"background-color":"","background-image":"","background-repeat":"repeat","background-position":"center center","background-size":"auto","background-attachment":"scroll","background-type":"","background-media":"","overlay-type":"","overlay-color":"","overlay-opacity":"","overlay-gradient":""},"mobile":{"background-color":"","background-image":"","background-repeat":"repeat","background-position":"center center","background-size":"auto","background-attachment":"scroll","background-type":"","background-media":"","overlay-type":"","overlay-color":"","overlay-opacity":"","overlay-gradient":""}},"ast-content-background-meta":{"desktop":{"background-color":"var(--ast-global-color-5)","background-image":"","background-repeat":"repeat","background-position":"center center","background-size":"auto","background-attachment":"scroll","background-type":"","background-media":"","overlay-type":"","overlay-color":"","overlay-opacity":"","overlay-gradient":""},"tablet":{"background-color":"var(--ast-global-color-5)","background-image":"","background-repeat":"repeat","background-position":"center center","background-size":"auto","background-attachment":"scroll","background-type":"","background-media":"","overlay-type":"","overlay-color":"","overlay-opacity":"","overlay-gradient":""},"mobile":{"background-color":"var(--ast-global-color-5)","background-image":"","background-repeat":"repeat","background-position":"center center","background-size":"auto","background-attachment":"scroll","background-type":"","background-media":"","overlay-type":"","overlay-color":"","overlay-opacity":"","overlay-gradient":""}}},"product_brand":[],"product_cat":[133],"product_tag":[],"class_list":{"0":"post-25588","1":"product","2":"type-product","3":"status-publish","4":"has-post-thumbnail","6":"product_cat-das-produkt","7":"desktop-align-left","8":"tablet-align-left","9":"mobile-align-left","11":"first","12":"instock","13":"taxable","14":"shipping-taxable","15":"purchasable","16":"product-type-simple"},"yoast_head":"<!-- This site is optimized with the Yoast SEO plugin v27.5 - https:\/\/yoast.com\/product\/yoast-seo-wordpress\/ -->\n<title>Niederl\u00e4ndischsprachige Zeitschriften digitalisiert Zeitraum 1935 - 1985<\/title>\n<meta name=\"description\" content=\"Niederl\u00e4ndischsprachige Zeitschriften digitalisiert - die Welt von gestern im Gewand von heute - zoals Zie magazine - Rijk der Vrouw - Ons Volk - Panorama - kwik\" \/>\n<meta name=\"robots\" content=\"index, follow, max-snippet:-1, max-image-preview:large, max-video-preview:-1\" \/>\n<link rel=\"canonical\" href=\"https:\/\/losha.org\/de\/product\/niederlandischsprachige-zeitschriften-digitalisiert\/\" \/>\n<meta property=\"og:locale\" content=\"de_DE\" \/>\n<meta property=\"og:type\" content=\"article\" \/>\n<meta property=\"og:title\" content=\"Niederl\u00e4ndischsprachige Zeitschriften digitalisiert Zeitraum 1935 - 1985\" \/>\n<meta property=\"og:description\" content=\"Niederl\u00e4ndischsprachige Zeitschriften digitalisiert - die Welt von gestern im Gewand von heute - zoals Zie magazine - Rijk der Vrouw - Ons Volk - Panorama - kwik\" \/>\n<meta property=\"og:url\" content=\"https:\/\/losha.org\/de\/product\/niederlandischsprachige-zeitschriften-digitalisiert\/\" \/>\n<meta property=\"og:site_name\" content=\"oude vintage tijdschriften\" \/>\n<meta property=\"article:publisher\" content=\"https:\/\/www.facebook.com\/Loshaorg-101275045164193\" \/>\n<meta property=\"article:modified_time\" content=\"2023-08-16T18:27:29+00:00\" \/>\n<meta property=\"og:image\" content=\"https:\/\/losha.org\/wp-content\/uploads\/2020\/10\/sandisk-duo-pen-drive.jpg\" \/>\n\t<meta property=\"og:image:width\" content=\"1836\" \/>\n\t<meta property=\"og:image:height\" content=\"1948\" \/>\n\t<meta property=\"og:image:type\" content=\"image\/jpeg\" \/>\n<meta name=\"twitter:card\" content=\"summary_large_image\" \/>\n<meta name=\"twitter:label1\" content=\"Gesch\u00e4tzte Lesezeit\" \/>\n\t<meta name=\"twitter:data1\" content=\"1\u00a0Minute\" \/>\n<script type=\"application\/ld+json\" class=\"yoast-schema-graph\">{\"@context\":\"https:\\\/\\\/schema.org\",\"@graph\":[{\"@type\":\"WebPage\",\"@id\":\"https:\\\/\\\/losha.org\\\/de\\\/product\\\/niederlandischsprachige-zeitschriften-digitalisiert\\\/\",\"url\":\"https:\\\/\\\/losha.org\\\/de\\\/product\\\/niederlandischsprachige-zeitschriften-digitalisiert\\\/\",\"name\":\"Niederl\u00e4ndischsprachige Zeitschriften digitalisiert Zeitraum 1935 - 1985\",\"isPartOf\":{\"@id\":\"https:\\\/\\\/losha.org\\\/#website\"},\"primaryImageOfPage\":{\"@id\":\"https:\\\/\\\/losha.org\\\/de\\\/product\\\/niederlandischsprachige-zeitschriften-digitalisiert\\\/#primaryimage\"},\"image\":{\"@id\":\"https:\\\/\\\/losha.org\\\/de\\\/product\\\/niederlandischsprachige-zeitschriften-digitalisiert\\\/#primaryimage\"},\"thumbnailUrl\":\"https:\\\/\\\/losha.org\\\/wp-content\\\/uploads\\\/2020\\\/10\\\/sandisk-duo-pen-drive.jpg\",\"datePublished\":\"2023-04-20T22:58:59+00:00\",\"dateModified\":\"2023-08-16T18:27:29+00:00\",\"description\":\"Niederl\u00e4ndischsprachige Zeitschriften digitalisiert - die Welt von gestern im Gewand von heute - zoals Zie magazine - Rijk der Vrouw - Ons Volk - Panorama - kwik\",\"breadcrumb\":{\"@id\":\"https:\\\/\\\/losha.org\\\/de\\\/product\\\/niederlandischsprachige-zeitschriften-digitalisiert\\\/#breadcrumb\"},\"inLanguage\":\"de\",\"potentialAction\":[{\"@type\":\"ReadAction\",\"target\":[\"https:\\\/\\\/losha.org\\\/de\\\/product\\\/niederlandischsprachige-zeitschriften-digitalisiert\\\/\"]}]},{\"@type\":\"ImageObject\",\"inLanguage\":\"de\",\"@id\":\"https:\\\/\\\/losha.org\\\/de\\\/product\\\/niederlandischsprachige-zeitschriften-digitalisiert\\\/#primaryimage\",\"url\":\"https:\\\/\\\/losha.org\\\/wp-content\\\/uploads\\\/2020\\\/10\\\/sandisk-duo-pen-drive.jpg\",\"contentUrl\":\"https:\\\/\\\/losha.org\\\/wp-content\\\/uploads\\\/2020\\\/10\\\/sandisk-duo-pen-drive.jpg\",\"width\":1836,\"height\":1948,\"caption\":\"time vintage magazines Zeitschriften, Revuen\"},{\"@type\":\"BreadcrumbList\",\"@id\":\"https:\\\/\\\/losha.org\\\/de\\\/product\\\/niederlandischsprachige-zeitschriften-digitalisiert\\\/#breadcrumb\",\"itemListElement\":[{\"@type\":\"ListItem\",\"position\":1,\"name\":\"Home\",\"item\":\"https:\\\/\\\/losha.org\\\/de\\\/homepage-vintage-zeitschriften\\\/\"},{\"@type\":\"ListItem\",\"position\":2,\"name\":\"Winkel\",\"item\":\"https:\\\/\\\/losha.org\\\/winkel\\\/\"},{\"@type\":\"ListItem\",\"position\":3,\"name\":\"Niederl\u00e4ndischsprachige Zeitschriften digitalisiert\"}]},{\"@type\":\"WebSite\",\"@id\":\"https:\\\/\\\/losha.org\\\/#website\",\"url\":\"https:\\\/\\\/losha.org\\\/\",\"name\":\"oude vintage tijdschriften\",\"description\":\"je leest je ogen uit\",\"publisher\":{\"@id\":\"https:\\\/\\\/losha.org\\\/#organization\"},\"potentialAction\":[{\"@type\":\"SearchAction\",\"target\":{\"@type\":\"EntryPoint\",\"urlTemplate\":\"https:\\\/\\\/losha.org\\\/?s={search_term_string}\"},\"query-input\":{\"@type\":\"PropertyValueSpecification\",\"valueRequired\":true,\"valueName\":\"search_term_string\"}}],\"inLanguage\":\"de\"},{\"@type\":\"Organization\",\"@id\":\"https:\\\/\\\/losha.org\\\/#organization\",\"name\":\"losha\",\"url\":\"https:\\\/\\\/losha.org\\\/\",\"logo\":{\"@type\":\"ImageObject\",\"inLanguage\":\"de\",\"@id\":\"https:\\\/\\\/losha.org\\\/#\\\/schema\\\/logo\\\/image\\\/\",\"url\":\"https:\\\/\\\/losha.org\\\/wp-content\\\/uploads\\\/2020\\\/08\\\/logo-locha-scaled.jpg\",\"contentUrl\":\"https:\\\/\\\/losha.org\\\/wp-content\\\/uploads\\\/2020\\\/08\\\/logo-locha-scaled.jpg\",\"width\":2560,\"height\":1849,\"caption\":\"losha\"},\"image\":{\"@id\":\"https:\\\/\\\/losha.org\\\/#\\\/schema\\\/logo\\\/image\\\/\"},\"sameAs\":[\"https:\\\/\\\/www.facebook.com\\\/Loshaorg-101275045164193\"]}]}<\/script>\n<!-- \/ Yoast SEO plugin. -->","yoast_head_json":{"title":"Niederl\u00e4ndischsprachige Zeitschriften digitalisiert Zeitraum 1935 - 1985","description":"Niederl\u00e4ndischsprachige Zeitschriften digitalisiert - die Welt von gestern im Gewand von heute - zoals Zie magazine - Rijk der Vrouw - Ons Volk - Panorama - kwik","robots":{"index":"index","follow":"follow","max-snippet":"max-snippet:-1","max-image-preview":"max-image-preview:large","max-video-preview":"max-video-preview:-1"},"canonical":"https:\/\/losha.org\/de\/product\/niederlandischsprachige-zeitschriften-digitalisiert\/","og_locale":"de_DE","og_type":"article","og_title":"Niederl\u00e4ndischsprachige Zeitschriften digitalisiert Zeitraum 1935 - 1985","og_description":"Niederl\u00e4ndischsprachige Zeitschriften digitalisiert - die Welt von gestern im Gewand von heute - zoals Zie magazine - Rijk der Vrouw - Ons Volk - Panorama - kwik","og_url":"https:\/\/losha.org\/de\/product\/niederlandischsprachige-zeitschriften-digitalisiert\/","og_site_name":"oude vintage tijdschriften","article_publisher":"https:\/\/www.facebook.com\/Loshaorg-101275045164193","article_modified_time":"2023-08-16T18:27:29+00:00","og_image":[{"width":1836,"height":1948,"url":"https:\/\/losha.org\/wp-content\/uploads\/2020\/10\/sandisk-duo-pen-drive.jpg","type":"image\/jpeg"}],"twitter_card":"summary_large_image","twitter_misc":{"Gesch\u00e4tzte Lesezeit":"1\u00a0Minute"},"schema":{"@context":"https:\/\/schema.org","@graph":[{"@type":"WebPage","@id":"https:\/\/losha.org\/de\/product\/niederlandischsprachige-zeitschriften-digitalisiert\/","url":"https:\/\/losha.org\/de\/product\/niederlandischsprachige-zeitschriften-digitalisiert\/","name":"Niederl\u00e4ndischsprachige Zeitschriften digitalisiert Zeitraum 1935 - 1985","isPartOf":{"@id":"https:\/\/losha.org\/#website"},"primaryImageOfPage":{"@id":"https:\/\/losha.org\/de\/product\/niederlandischsprachige-zeitschriften-digitalisiert\/#primaryimage"},"image":{"@id":"https:\/\/losha.org\/de\/product\/niederlandischsprachige-zeitschriften-digitalisiert\/#primaryimage"},"thumbnailUrl":"https:\/\/losha.org\/wp-content\/uploads\/2020\/10\/sandisk-duo-pen-drive.jpg","datePublished":"2023-04-20T22:58:59+00:00","dateModified":"2023-08-16T18:27:29+00:00","description":"Niederl\u00e4ndischsprachige Zeitschriften digitalisiert - die Welt von gestern im Gewand von heute - zoals Zie magazine - Rijk der Vrouw - Ons Volk - Panorama - kwik","breadcrumb":{"@id":"https:\/\/losha.org\/de\/product\/niederlandischsprachige-zeitschriften-digitalisiert\/#breadcrumb"},"inLanguage":"de","potentialAction":[{"@type":"ReadAction","target":["https:\/\/losha.org\/de\/product\/niederlandischsprachige-zeitschriften-digitalisiert\/"]}]},{"@type":"ImageObject","inLanguage":"de","@id":"https:\/\/losha.org\/de\/product\/niederlandischsprachige-zeitschriften-digitalisiert\/#primaryimage","url":"https:\/\/losha.org\/wp-content\/uploads\/2020\/10\/sandisk-duo-pen-drive.jpg","contentUrl":"https:\/\/losha.org\/wp-content\/uploads\/2020\/10\/sandisk-duo-pen-drive.jpg","width":1836,"height":1948,"caption":"time vintage magazines Zeitschriften, Revuen"},{"@type":"BreadcrumbList","@id":"https:\/\/losha.org\/de\/product\/niederlandischsprachige-zeitschriften-digitalisiert\/#breadcrumb","itemListElement":[{"@type":"ListItem","position":1,"name":"Home","item":"https:\/\/losha.org\/de\/homepage-vintage-zeitschriften\/"},{"@type":"ListItem","position":2,"name":"Winkel","item":"https:\/\/losha.org\/winkel\/"},{"@type":"ListItem","position":3,"name":"Niederl\u00e4ndischsprachige Zeitschriften digitalisiert"}]},{"@type":"WebSite","@id":"https:\/\/losha.org\/#website","url":"https:\/\/losha.org\/","name":"oude vintage tijdschriften","description":"je leest je ogen uit","publisher":{"@id":"https:\/\/losha.org\/#organization"},"potentialAction":[{"@type":"SearchAction","target":{"@type":"EntryPoint","urlTemplate":"https:\/\/losha.org\/?s={search_term_string}"},"query-input":{"@type":"PropertyValueSpecification","valueRequired":true,"valueName":"search_term_string"}}],"inLanguage":"de"},{"@type":"Organization","@id":"https:\/\/losha.org\/#organization","name":"losha","url":"https:\/\/losha.org\/","logo":{"@type":"ImageObject","inLanguage":"de","@id":"https:\/\/losha.org\/#\/schema\/logo\/image\/","url":"https:\/\/losha.org\/wp-content\/uploads\/2020\/08\/logo-locha-scaled.jpg","contentUrl":"https:\/\/losha.org\/wp-content\/uploads\/2020\/08\/logo-locha-scaled.jpg","width":2560,"height":1849,"caption":"losha"},"image":{"@id":"https:\/\/losha.org\/#\/schema\/logo\/image\/"},"sameAs":["https:\/\/www.facebook.com\/Loshaorg-101275045164193"]}]}},"_links":{"self":[{"href":"https:\/\/losha.org\/de\/wp-json\/wp\/v2\/product\/25588","targetHints":{"allow":["GET"]}}],"collection":[{"href":"https:\/\/losha.org\/de\/wp-json\/wp\/v2\/product"}],"about":[{"href":"https:\/\/losha.org\/de\/wp-json\/wp\/v2\/types\/product"}],"wp:featuredmedia":[{"embeddable":true,"href":"https:\/\/losha.org\/de\/wp-json\/wp\/v2\/media\/10702"}],"wp:attachment":[{"href":"https:\/\/losha.org\/de\/wp-json\/wp\/v2\/media?parent=25588"}],"wp:term":[{"taxonomy":"product_brand","embeddable":true,"href":"https:\/\/losha.org\/de\/wp-json\/wp\/v2\/product_brand?post=25588"},{"taxonomy":"product_cat","embeddable":true,"href":"https:\/\/losha.org\/de\/wp-json\/wp\/v2\/product_cat?post=25588"},{"taxonomy":"product_tag","embeddable":true,"href":"https:\/\/losha.org\/de\/wp-json\/wp\/v2\/product_tag?post=25588"}],"curies":[{"name":"wp","href":"https:\/\/api.w.org\/{rel}","templated":true}]}}